{"id":156,"date":"2015-07-16T09:12:51","date_gmt":"2015-07-16T09:12:51","guid":{"rendered":"http:\/\/test.kriesi.at\/minimal-portfolio\/?page_id=156"},"modified":"2025-02-19T08:13:36","modified_gmt":"2025-02-19T08:13:36","slug":"contact","status":"publish","type":"page","link":"https:\/\/zahnarzt-meier.ch\/?page_id=156","title":{"rendered":"Kontakt"},"content":{"rendered":"\n<style type=\"text\/css\" data-created_by=\"avia_inline_auto\" id=\"style-css-av-2y1rxo-0d3fa757adc9fa02a945fd450861b288\">\n.avia-section.av-2y1rxo-0d3fa757adc9fa02a945fd450861b288{\nbackground-color:rgba(252,110,2,0.16);\nbackground-image:unset;\n}\n<\/style>\n<div id='av_section_1'  class='avia-section av-2y1rxo-0d3fa757adc9fa02a945fd450861b288 main_color avia-section-huge avia-no-border-styling  avia-builder-el-0  avia-builder-el-no-sibling  avia-bg-style-scroll container_wrap fullsize'  ><div class='container av-section-cont-open' ><main  role=\"main\" itemprop=\"mainContentOfPage\"  class='template-page content  av-content-full alpha units'><div class='post-entry post-entry-type-page post-entry-156'><div class='entry-content-wrapper clearfix'>\n<div  class='av_gmaps_sc_main_wrap av_gmaps_main_wrap '><div id='av_gmap_0' class='avia-google-map-container avia-google-map-sc av_gmaps_show_unconditionally av-no-fallback-img ' data-mapid='av_gmap_0'  style='padding-bottom: 48%;'><a class=\"av_gmaps_browser_disabled av_text_confirm_link av_text_confirm_link_visible\" href=\"https:\/\/www.google.com\/maps\/search\/?api=1&#038;query=Zytgloggelaube%204%203011%20Bern%20%20Schweiz\" target=\"_blank\" rel=\"noopener\">Aufgrund deiner Datenschutz-Einstellungen k\u00f6nnen wir Ihnen die Karte nicht anzeigen. Klicken Sie hier, um die Karte in einem neuen Fenster zu \u00f6ffnen.<\/a><\/div><\/div>\n<div  class='hr av-7sptw-e93837d80b3be995ec22e5d5ff20b122 hr-default  avia-builder-el-2  el_after_av_google_map  el_before_av_heading  avia-builder-el-first '><span class='hr-inner '><span class=\"hr-inner-style\"><\/span><\/span><\/div>\n\n<style type=\"text\/css\" data-created_by=\"avia_inline_auto\" id=\"style-css-av-2rl5pg-082105340ea57dddbf7583939c04004e\">\n#top .av-special-heading.av-2rl5pg-082105340ea57dddbf7583939c04004e{\npadding-bottom:20px;\nfont-size:40px;\n}\nbody .av-special-heading.av-2rl5pg-082105340ea57dddbf7583939c04004e .av-special-heading-tag .heading-char{\nfont-size:25px;\n}\n#top #wrap_all .av-special-heading.av-2rl5pg-082105340ea57dddbf7583939c04004e .av-special-heading-tag{\nfont-size:40px;\n}\n.av-special-heading.av-2rl5pg-082105340ea57dddbf7583939c04004e .av-subheading{\nfont-size:15px;\n}\n\n@media only screen and (min-width: 480px) and (max-width: 767px){ \n#top #wrap_all .av-special-heading.av-2rl5pg-082105340ea57dddbf7583939c04004e .av-special-heading-tag{\nfont-size:0.8em;\n}\n}\n\n@media only screen and (max-width: 479px){ \n#top #wrap_all .av-special-heading.av-2rl5pg-082105340ea57dddbf7583939c04004e .av-special-heading-tag{\nfont-size:0.8em;\n}\n}\n<\/style>\n<div  class='av-special-heading av-2rl5pg-082105340ea57dddbf7583939c04004e av-special-heading-h1 blockquote modern-quote modern-centered  avia-builder-el-3  el_after_av_hr  el_before_av_one_fifth  av-inherit-size'><h1 class='av-special-heading-tag'  itemprop=\"headline\"  >Haben Sie Fragen? <\/p>\n<p>Kontaktieren Sie uns!<\/h1><div class=\"special-heading-border\"><div class=\"special-heading-inner-border\"><\/div><\/div><\/div>\n\n<style type=\"text\/css\" data-created_by=\"avia_inline_auto\" id=\"style-css-av-2myksk-d1ed1aa4ae6600e44693381268c4d623\">\n.flex_column.av-2myksk-d1ed1aa4ae6600e44693381268c4d623{\nborder-radius:0px 0px 0px 0px;\npadding:0px 0px 0px 0px;\n}\n<\/style>\n<div  class='flex_column av-2myksk-d1ed1aa4ae6600e44693381268c4d623 av_one_fifth  avia-builder-el-4  el_after_av_heading  el_before_av_three_fifth  first flex_column_div av-zero-column-padding  '     ><\/div>\n<style type=\"text\/css\" data-created_by=\"avia_inline_auto\" id=\"style-css-av-2czv7o-41fc58edabb49c0cec676af434a9c21c\">\n.flex_column.av-2czv7o-41fc58edabb49c0cec676af434a9c21c{\nborder-radius:0px 0px 0px 0px;\npadding:0px 0px 0px 0px;\n}\n<\/style>\n<div  class='flex_column av-2czv7o-41fc58edabb49c0cec676af434a9c21c av_three_fifth  avia-builder-el-5  el_after_av_one_fifth  el_before_av_one_fifth  flex_column_div av-animated-generic bottom-to-top av-zero-column-padding  '     ><style type=\"text\/css\" data-created_by=\"avia_inline_auto\" id=\"style-css-av-21x7d0-1f0d6633336bc297eac21fd7ba2e38b7\">\n#top .hr.av-21x7d0-1f0d6633336bc297eac21fd7ba2e38b7{\nmargin-top:70px;\nmargin-bottom:70px;\n}\n.hr.av-21x7d0-1f0d6633336bc297eac21fd7ba2e38b7 .hr-inner{\nwidth:90px;\nmax-width:45%;\n}\n.hr.av-21x7d0-1f0d6633336bc297eac21fd7ba2e38b7 .av-seperator-icon{\ncolor:#e7b8b8;\n}\n<\/style>\n<div  class='hr av-21x7d0-1f0d6633336bc297eac21fd7ba2e38b7 hr-custom  avia-builder-el-6  avia-builder-el-no-sibling  hr-center hr-icon-yes'><span class='hr-inner inner-border-av-border-thin'><span class=\"hr-inner-style\"><\/span><\/span><span class='av-seperator-icon' aria-hidden='true' data-av_icon='\ue8b8' data-av_iconfont='entypo-fontello'><\/span><span class='hr-inner inner-border-av-border-thin'><span class=\"hr-inner-style\"><\/span><\/span><\/div><\/div>\n<style type=\"text\/css\" data-created_by=\"avia_inline_auto\" id=\"style-css-av-1x2nes-4919fa197ae4ff1abe802c7ef7605d20\">\n.flex_column.av-1x2nes-4919fa197ae4ff1abe802c7ef7605d20{\nborder-radius:0px 0px 0px 0px;\npadding:0px 0px 0px 0px;\n}\n<\/style>\n<div  class='flex_column av-1x2nes-4919fa197ae4ff1abe802c7ef7605d20 av_one_fifth  avia-builder-el-7  el_after_av_three_fifth  el_before_av_one_half  flex_column_div av-zero-column-padding  '     ><\/div>\n<style type=\"text\/css\" data-created_by=\"avia_inline_auto\" id=\"style-css-av-1qv198-895551ce99dfb5bfe58dca32a19119f7\">\n.flex_column.av-1qv198-895551ce99dfb5bfe58dca32a19119f7{\nborder-radius:0px 0px 0px 0px;\npadding:0px 0px 0px 0px;\n}\n<\/style>\n<div  class='flex_column av-1qv198-895551ce99dfb5bfe58dca32a19119f7 av_one_half  avia-builder-el-8  el_after_av_one_fifth  el_before_av_one_half  first flex_column_div av-zero-column-padding  column-top-margin'     ><p>\n<style type=\"text\/css\" data-created_by=\"avia_inline_auto\" id=\"style-css-av-1lym6c-3265f6a54ccb478b3f3e0eaa2ba31983\">\n#top .av-special-heading.av-1lym6c-3265f6a54ccb478b3f3e0eaa2ba31983{\npadding-bottom:10px;\n}\nbody .av-special-heading.av-1lym6c-3265f6a54ccb478b3f3e0eaa2ba31983 .av-special-heading-tag .heading-char{\nfont-size:25px;\n}\n.av-special-heading.av-1lym6c-3265f6a54ccb478b3f3e0eaa2ba31983 .av-subheading{\nfont-size:15px;\n}\n<\/style>\n<div  class='av-special-heading av-1lym6c-3265f6a54ccb478b3f3e0eaa2ba31983 av-special-heading-h3 blockquote modern-quote  avia-builder-el-9  el_before_av_textblock  avia-builder-el-first '><h3 class='av-special-heading-tag'  itemprop=\"headline\"  >Unsere Anschrift<\/h3><div class=\"special-heading-border\"><div class=\"special-heading-inner-border\"><\/div><\/div><\/div><br \/>\n<section  class='av_textblock_section av-1d0hq4-7d35393a22197478f999cfc11b3d5f67 '   itemscope=\"itemscope\" itemtype=\"https:\/\/schema.org\/CreativeWork\" ><div class='avia_textblock'  itemprop=\"text\" ><p>Zytgloggelaube 4<br \/>\n3011 Bern<\/p>\n<p>+41 31 311 45 46<\/p>\n<p>+41 79 785 45 46 (WhatsApp)<\/p>\n<p>info@zahnarzt-meier.ch<\/p>\n<p>Taxpunktwert:<\/p>\n<p>Privat: 1.10<br \/>\nSuva\/Sozialtarif: 1.0<\/p>\n<p>Bei Notf\u00e4llen ausserhalb der \u00d6ffnungszeiten: 24h Notfalldienst der Region Bern: 031 529 60 60<\/p>\n<\/div><\/section><br \/>\n<section  class='av_textblock_section av-18c730-fd57bdd052381165fa0d86528fdb1f35 '   itemscope=\"itemscope\" itemtype=\"https:\/\/schema.org\/CreativeWork\" ><div class='avia_textblock'  itemprop=\"text\" ><p style=\"text-align: left;\">Sie finden uns direkt bim Zytglogge in Bern.<\/p>\n<\/div><\/section><\/p><\/div>\n<style type=\"text\/css\" data-created_by=\"avia_inline_auto\" id=\"style-css-av-14wnjw-d22c0e9aac57b91eee3c4cade645af73\">\n.flex_column.av-14wnjw-d22c0e9aac57b91eee3c4cade645af73{\nborder-radius:0px 0px 0px 0px;\npadding:0px 0px 0px 0px;\n}\n<\/style>\n<div  class='flex_column av-14wnjw-d22c0e9aac57b91eee3c4cade645af73 av_one_half  avia-builder-el-12  el_after_av_one_half  el_before_av_one_half  flex_column_div av-zero-column-padding  column-top-margin'     ><form action=\"https:\/\/zahnarzt-meier.ch\/?page_id=156\" method=\"post\" data-fields-with-error=\"Found errors in the following field(s):\" class=\"avia_ajax_form av-form-labels-hidden   avia-builder-el-13  avia-builder-el-no-sibling  av-show-form-errors   \" data-avia-form-id=\"1\" data-avia-redirect='' ><fieldset><p class='  first_form  form_element form_element_third' id='element_avia_1_1'><label for=\"avia_1_1\">Name <abbr class=\"required\" title=\"ben\u00f6tigt\">*<\/abbr><\/label> <input name=\"avia_1_1\" class=\"text_input is_empty\" type=\"text\" id=\"avia_1_1\" value=\"\"  placeholder='Name*'\/><\/p><p class='  form_element form_element_third' id='element_avia_2_1'><label for=\"avia_2_1\">E-Mail <abbr class=\"required\" title=\"ben\u00f6tigt\">*<\/abbr><\/label> <input name=\"avia_2_1\" class=\"text_input is_email\" type=\"text\" id=\"avia_2_1\" value=\"\"  placeholder='E-Mail*'\/><\/p><p class='  form_element form_element_third' id='element_avia_3_1'><label for=\"avia_3_1\">Betreff <abbr class=\"required\" title=\"ben\u00f6tigt\">*<\/abbr><\/label> <input name=\"avia_3_1\" class=\"text_input is_empty\" type=\"text\" id=\"avia_3_1\" value=\"\"  placeholder='Betreff*'\/><\/p><p class='  first_form  form_element form_fullwidth' id='element_avia_4_1'><label for=\"avia_4_1\" class=\"textare_label hidden textare_label_avia_4_1\">Nachricht <abbr class=\"required\" title=\"ben\u00f6tigt\">*<\/abbr><\/label><textarea  placeholder='Nachricht*' name=\"avia_4_1\" class=\"text_area is_empty\" cols=\"40\" rows=\"7\" id=\"avia_4_1\" ><\/textarea><\/p><p class=\"hidden\"><input type=\"text\" name=\"avia_5_1\" class=\"hidden \" id=\"avia_5_1\" value=\"\" \/><\/p><div id='avia_6_1' class='av-recaptcha-area  first_form  form_element form_fullwidth av-last-visible-form-element '  data-container_class=\"\" data-custom_class=\"\" data-context=\"av_contact_form\" data-token_input=\"av_recaptcha_token\" data-version=\"avia_recaptcha_v2\" data-theme=\"light\" data-size=\"normal\" data-score=\"0.5\" data-text_to_preview=\"\" data-value=\"\"><div class=\"av-google-badge-message hidden\">Diese Seite wird durch reCAPTCHA gesch\u00fctzt und es gelten die Google <a href=\"https:\/\/policies.google.com\/privacy\">Datenschutzerkl\u00e4rungen<\/a> und <a href=\"https:\/\/policies.google.com\/terms\">Nutzungsbedingungen<\/a><\/div><\/div><p class=' av_form_privacy_check av_contact_privacy_check first_form  form_element form_fullwidth' id='element_avia_7_1'><input  name=\"avia_7_1\" class=\"input_checkbox is_empty\" type=\"checkbox\" id=\"avia_7_1\" value=\"true\"\/><label class=\"input_checkbox_label\" for=\"avia_7_1\">Ich stimme den Bedingungen zu, die in der <a href='https:\/\/zahnarzt-meier.ch\/?page_id=3' target='_blank'>Datenschutzrichtlinie<\/a> dargelegt sind <abbr class=\"required\" title=\"ben\u00f6tigt\">*<\/abbr><\/label><\/p><p class=\"form_element \"><input type=\"hidden\" value=\"1\" name=\"avia_generated_form1\" \/><input type=\"submit\" value=\"Senden\" class=\"button\"  data-sending-label=\"Sende\"\/><\/p><\/fieldset><div class=\"avia-disabled-form\">Dieses Kontaktformular ist momentan deaktiviert, da Sie den Google reCAPTCHA-Service noch nicht akzeptiert haben. Dieser ist f\u00fcr die Validierung des Sendevorgangs jedoch notwendig<\/div><\/form><div id=\"ajaxresponse_1\" class=\"ajaxresponse ajaxresponse_1 hidden\"><\/div><\/div>\n<style type=\"text\/css\" data-created_by=\"avia_inline_auto\" id=\"style-css-av-a37qk-5c56977243bc482dd9eff7cad371e7f2\">\n.flex_column.av-a37qk-5c56977243bc482dd9eff7cad371e7f2{\nborder-radius:0px 0px 0px 0px;\npadding:0px 0px 0px 0px;\n}\n<\/style>\n<div  class='flex_column av-a37qk-5c56977243bc482dd9eff7cad371e7f2 av_one_half  avia-builder-el-14  el_after_av_one_half  avia-builder-el-last  first flex_column_div av-zero-column-padding  column-top-margin'     ><p>\n<style type=\"text\/css\" data-created_by=\"avia_inline_auto\" id=\"style-css-av-m10pla5r-8224a08e75ada1a6a37eb2c7da29f59e\">\n#top .av-special-heading.av-m10pla5r-8224a08e75ada1a6a37eb2c7da29f59e{\npadding-bottom:10px;\n}\nbody .av-special-heading.av-m10pla5r-8224a08e75ada1a6a37eb2c7da29f59e .av-special-heading-tag .heading-char{\nfont-size:25px;\n}\n.av-special-heading.av-m10pla5r-8224a08e75ada1a6a37eb2c7da29f59e .av-subheading{\nfont-size:15px;\n}\n<\/style>\n<div  class='av-special-heading av-m10pla5r-8224a08e75ada1a6a37eb2c7da29f59e av-special-heading-h3 blockquote modern-quote  avia-builder-el-15  el_before_av_textblock  avia-builder-el-first '><h3 class='av-special-heading-tag'  itemprop=\"headline\"  >WhatsApp Chat<\/h3><div class=\"special-heading-border\"><div class=\"special-heading-inner-border\"><\/div><\/div><\/div><br \/>\n<section  class='av_textblock_section av-m10posra-f571912a3eb622691a9a43471588f0e7 '   itemscope=\"itemscope\" itemtype=\"https:\/\/schema.org\/CreativeWork\" ><div class='avia_textblock'  itemprop=\"text\" ><p>Scannen Sie den untenstehenden QR-Code mit Ihrem Mobiltelefon um uns \u00fcber unseren WhatsApp-Chat zu kontaktieren. Gerne beantworten wir Ihre Fragen zu unseren Dienstleistungen. Es ist auch m\u00f6glich \u00fcber den Chat Termine zu vereinbaren. Wir bieten aber keine medizinischen Beratungen \u00fcber den Chat an. Bitte beachten Sie, dass die Kommunikation \u00fcber die Server von WhatsApp stattfindet.<\/p>\n<p><img loading=\"lazy\" decoding=\"async\" class=\"alignnone size-medium wp-image-892\" src=\"https:\/\/zahnarzt-meier.ch\/wp-content\/uploads\/2024\/09\/qr-zahnarzt-meier-web-300x300.jpg\" alt=\"\" width=\"300\" height=\"300\" srcset=\"https:\/\/zahnarzt-meier.ch\/wp-content\/uploads\/2024\/09\/qr-zahnarzt-meier-web-300x300.jpg 300w, https:\/\/zahnarzt-meier.ch\/wp-content\/uploads\/2024\/09\/qr-zahnarzt-meier-web-80x80.jpg 80w, https:\/\/zahnarzt-meier.ch\/wp-content\/uploads\/2024\/09\/qr-zahnarzt-meier-web-36x36.jpg 36w, https:\/\/zahnarzt-meier.ch\/wp-content\/uploads\/2024\/09\/qr-zahnarzt-meier-web-180x180.jpg 180w, https:\/\/zahnarzt-meier.ch\/wp-content\/uploads\/2024\/09\/qr-zahnarzt-meier-web-120x120.jpg 120w, https:\/\/zahnarzt-meier.ch\/wp-content\/uploads\/2024\/09\/qr-zahnarzt-meier-web-100x100.jpg 100w, https:\/\/zahnarzt-meier.ch\/wp-content\/uploads\/2024\/09\/qr-zahnarzt-meier-web.jpg 322w\" sizes=\"auto, (max-width: 300px) 100vw, 300px\" \/><\/p>\n<\/div><\/section><\/p><\/div>\n","protected":false},"excerpt":{"rendered":"","protected":false},"author":1,"featured_media":0,"parent":0,"menu_order":0,"comment_status":"open","ping_status":"open","template":"","meta":{"footnotes":""},"class_list":["post-156","page","type-page","status-publish","hentry"],"yoast_head":"<!-- This site is optimized with the Yoast SEO plugin v22.2 - https:\/\/yoast.com\/wordpress\/plugins\/seo\/ -->\n<title>Kontakt - Zahnarzt Meier<\/title>\n<meta name=\"robots\" content=\"index, follow, max-snippet:-1, max-image-preview:large, max-video-preview:-1\" \/>\n<link rel=\"canonical\" href=\"https:\/\/zahnarzt-meier.ch\/?page_id=156\" \/>\n<meta property=\"og:locale\" content=\"de_DE\" \/>\n<meta property=\"og:type\" content=\"article\" \/>\n<meta property=\"og:title\" content=\"Kontakt - Zahnarzt Meier\" \/>\n<meta property=\"og:url\" content=\"https:\/\/zahnarzt-meier.ch\/?page_id=156\" \/>\n<meta property=\"og:site_name\" content=\"Zahnarzt Meier\" \/>\n<meta property=\"article:modified_time\" content=\"2025-02-19T08:13:36+00:00\" \/>\n<meta property=\"og:image\" content=\"https:\/\/zahnarzt-meier.ch\/wp-content\/uploads\/2024\/09\/qr-zahnarzt-meier-web-300x300.jpg\" \/>\n<meta name=\"twitter:card\" content=\"summary_large_image\" \/>\n<meta name=\"twitter:label1\" content=\"Gesch\u00e4tzte Lesezeit\" \/>\n\t<meta name=\"twitter:data1\" content=\"2\u00a0Minuten\" \/>\n<script type=\"application\/ld+json\" class=\"yoast-schema-graph\">{\"@context\":\"https:\/\/schema.org\",\"@graph\":[{\"@type\":\"WebPage\",\"@id\":\"https:\/\/zahnarzt-meier.ch\/?page_id=156\",\"url\":\"https:\/\/zahnarzt-meier.ch\/?page_id=156\",\"name\":\"Kontakt - Zahnarzt Meier\",\"isPartOf\":{\"@id\":\"https:\/\/zahnarzt-meier.ch\/#website\"},\"primaryImageOfPage\":{\"@id\":\"https:\/\/zahnarzt-meier.ch\/?page_id=156#primaryimage\"},\"image\":{\"@id\":\"https:\/\/zahnarzt-meier.ch\/?page_id=156#primaryimage\"},\"thumbnailUrl\":\"https:\/\/zahnarzt-meier.ch\/wp-content\/uploads\/2024\/09\/qr-zahnarzt-meier-web-300x300.jpg\",\"datePublished\":\"2015-07-16T09:12:51+00:00\",\"dateModified\":\"2025-02-19T08:13:36+00:00\",\"breadcrumb\":{\"@id\":\"https:\/\/zahnarzt-meier.ch\/?page_id=156#breadcrumb\"},\"inLanguage\":\"de\",\"potentialAction\":[{\"@type\":\"ReadAction\",\"target\":[\"https:\/\/zahnarzt-meier.ch\/?page_id=156\"]}]},{\"@type\":\"ImageObject\",\"inLanguage\":\"de\",\"@id\":\"https:\/\/zahnarzt-meier.ch\/?page_id=156#primaryimage\",\"url\":\"https:\/\/zahnarzt-meier.ch\/wp-content\/uploads\/2024\/09\/qr-zahnarzt-meier-web.jpg\",\"contentUrl\":\"https:\/\/zahnarzt-meier.ch\/wp-content\/uploads\/2024\/09\/qr-zahnarzt-meier-web.jpg\",\"width\":322,\"height\":322},{\"@type\":\"BreadcrumbList\",\"@id\":\"https:\/\/zahnarzt-meier.ch\/?page_id=156#breadcrumb\",\"itemListElement\":[{\"@type\":\"ListItem\",\"position\":1,\"name\":\"Startseite\",\"item\":\"https:\/\/zahnarzt-meier.ch\/?page_id=206\"},{\"@type\":\"ListItem\",\"position\":2,\"name\":\"Kontakt\"}]},{\"@type\":\"WebSite\",\"@id\":\"https:\/\/zahnarzt-meier.ch\/#website\",\"url\":\"https:\/\/zahnarzt-meier.ch\/\",\"name\":\"Zahnarzt Meier\",\"description\":\"\",\"potentialAction\":[{\"@type\":\"SearchAction\",\"target\":{\"@type\":\"EntryPoint\",\"urlTemplate\":\"https:\/\/zahnarzt-meier.ch\/?s={search_term_string}\"},\"query-input\":\"required name=search_term_string\"}],\"inLanguage\":\"de\"}]}<\/script>\n<!-- \/ Yoast SEO plugin. -->","yoast_head_json":{"title":"Kontakt - Zahnarzt Meier","robots":{"index":"index","follow":"follow","max-snippet":"max-snippet:-1","max-image-preview":"max-image-preview:large","max-video-preview":"max-video-preview:-1"},"canonical":"https:\/\/zahnarzt-meier.ch\/?page_id=156","og_locale":"de_DE","og_type":"article","og_title":"Kontakt - Zahnarzt Meier","og_url":"https:\/\/zahnarzt-meier.ch\/?page_id=156","og_site_name":"Zahnarzt Meier","article_modified_time":"2025-02-19T08:13:36+00:00","og_image":[{"url":"https:\/\/zahnarzt-meier.ch\/wp-content\/uploads\/2024\/09\/qr-zahnarzt-meier-web-300x300.jpg"}],"twitter_card":"summary_large_image","twitter_misc":{"Gesch\u00e4tzte Lesezeit":"2\u00a0Minuten"},"schema":{"@context":"https:\/\/schema.org","@graph":[{"@type":"WebPage","@id":"https:\/\/zahnarzt-meier.ch\/?page_id=156","url":"https:\/\/zahnarzt-meier.ch\/?page_id=156","name":"Kontakt - Zahnarzt Meier","isPartOf":{"@id":"https:\/\/zahnarzt-meier.ch\/#website"},"primaryImageOfPage":{"@id":"https:\/\/zahnarzt-meier.ch\/?page_id=156#primaryimage"},"image":{"@id":"https:\/\/zahnarzt-meier.ch\/?page_id=156#primaryimage"},"thumbnailUrl":"https:\/\/zahnarzt-meier.ch\/wp-content\/uploads\/2024\/09\/qr-zahnarzt-meier-web-300x300.jpg","datePublished":"2015-07-16T09:12:51+00:00","dateModified":"2025-02-19T08:13:36+00:00","breadcrumb":{"@id":"https:\/\/zahnarzt-meier.ch\/?page_id=156#breadcrumb"},"inLanguage":"de","potentialAction":[{"@type":"ReadAction","target":["https:\/\/zahnarzt-meier.ch\/?page_id=156"]}]},{"@type":"ImageObject","inLanguage":"de","@id":"https:\/\/zahnarzt-meier.ch\/?page_id=156#primaryimage","url":"https:\/\/zahnarzt-meier.ch\/wp-content\/uploads\/2024\/09\/qr-zahnarzt-meier-web.jpg","contentUrl":"https:\/\/zahnarzt-meier.ch\/wp-content\/uploads\/2024\/09\/qr-zahnarzt-meier-web.jpg","width":322,"height":322},{"@type":"BreadcrumbList","@id":"https:\/\/zahnarzt-meier.ch\/?page_id=156#breadcrumb","itemListElement":[{"@type":"ListItem","position":1,"name":"Startseite","item":"https:\/\/zahnarzt-meier.ch\/?page_id=206"},{"@type":"ListItem","position":2,"name":"Kontakt"}]},{"@type":"WebSite","@id":"https:\/\/zahnarzt-meier.ch\/#website","url":"https:\/\/zahnarzt-meier.ch\/","name":"Zahnarzt Meier","description":"","potentialAction":[{"@type":"SearchAction","target":{"@type":"EntryPoint","urlTemplate":"https:\/\/zahnarzt-meier.ch\/?s={search_term_string}"},"query-input":"required name=search_term_string"}],"inLanguage":"de"}]}},"_links":{"self":[{"href":"https:\/\/zahnarzt-meier.ch\/index.php?rest_route=\/wp\/v2\/pages\/156","targetHints":{"allow":["GET"]}}],"collection":[{"href":"https:\/\/zahnarzt-meier.ch\/index.php?rest_route=\/wp\/v2\/pages"}],"about":[{"href":"https:\/\/zahnarzt-meier.ch\/index.php?rest_route=\/wp\/v2\/types\/page"}],"author":[{"embeddable":true,"href":"https:\/\/zahnarzt-meier.ch\/index.php?rest_route=\/wp\/v2\/users\/1"}],"replies":[{"embeddable":true,"href":"https:\/\/zahnarzt-meier.ch\/index.php?rest_route=%2Fwp%2Fv2%2Fcomments&post=156"}],"version-history":[{"count":19,"href":"https:\/\/zahnarzt-meier.ch\/index.php?rest_route=\/wp\/v2\/pages\/156\/revisions"}],"predecessor-version":[{"id":919,"href":"https:\/\/zahnarzt-meier.ch\/index.php?rest_route=\/wp\/v2\/pages\/156\/revisions\/919"}],"wp:attachment":[{"href":"https:\/\/zahnarzt-meier.ch\/index.php?rest_route=%2Fwp%2Fv2%2Fmedia&parent=156"}],"curies":[{"name":"wp","href":"https:\/\/api.w.org\/{rel}","templated":true}]}}